{"id":15,"date":"2019-01-24T16:50:59","date_gmt":"2019-01-24T15:50:59","guid":{"rendered":"http:\/\/bildungszuschuss.ak-vorarlberg.at\/?page_id=15"},"modified":"2026-01-07T10:06:48","modified_gmt":"2026-01-07T09:06:48","slug":"fragen-antworten","status":"publish","type":"page","link":"https:\/\/www.bildungszuschuss.at\/?page_id=15","title":{"rendered":"Fragen &#038; Antworten"},"content":{"rendered":"<div id=\"pl-gb15-69e1c7bec5b63\"  class=\"panel-layout wp-block-siteorigin-panels-layout-block\" ><div id=\"pg-gb15-69e1c7bec5b63-0\"  class=\"panel-grid panel-no-style\" ><div id=\"pgc-gb15-69e1c7bec5b63-0-0\"  class=\"panel-grid-cell\" ><div id=\"panel-gb15-69e1c7bec5b63-0-0-0\" class=\"so-panel widget widget_sow-editor panel-first-child panel-last-child\" data-index=\"0\" ><div\n\t\t\t\n\t\t\tclass=\"so-widget-sow-editor so-widget-sow-editor-base\"\n\t\t\t\n\t\t>\n<div class=\"siteorigin-widget-tinymce textwidget\">\n\t<p>Die h\u00e4ufigsten Fragen und Antworten haben wir hier gesammelt. Weitere Fragen beantworten gerne unsere Mitarbeiterinnen, telefonisch unter +43 (0) 50 258 4200 oder per E-Mail an <a href=\"mailto:info@bildungszuschuss.at\">info@bildungszuschuss.at<\/a><\/p>\n<h2 id=\"heading_Woher_bekomme_ich_das_Antragsformular_und_bis_wann_muss_der_Antrag_gestellt_werden_\">Wo bekomme ich das Antragsformular?<\/h2>\n<p>Antr\u00e4ge f\u00fcr den Bildungszuschuss k\u00f6nnen Sie entweder selbst herunterladen oder telefonisch unter 050 258 4200 anfordern. Wir senden Ihnen diese gerne zu.<\/p>\n<h2 id=\"heading_Einreichfrist\">Bis wann muss ich den Antrag abgeben?<\/h2>\n<p><strong>Bildungskonto, Bildungspr\u00e4mien und Berufsreife- bzw. Studienberechtigungspr\u00fcfung<\/strong>: Der Antrag kann fr\u00fchestens nach Ausbildungsbeginn, muss jedoch bis sp\u00e4testens 3 Monate nach Ausbildungsende bzw. Ende des jeweiligen Schuljahres\/Lehrjahres gestellt werden.<\/p>\n<p><strong>Wohnzuschuss: <\/strong>Der Antrag kann fr\u00fchestens nach Bezug des Wohnsitzes eingereicht werden. Die Einreichfrist endet drei Monate nach Beendigung des jeweiligen Lehrjahres.<\/p>\n<p>Gerne per E-Mail an <a class=\"\" href=\"mailto:info@bildungszuschuss.at\" target=\"_self\" rel=\"noopener\" data-gcn-pageid=\"40672\" data-gcn-tagid=\"1039280\" data-gcn-tagname=\"gtxalohapagelink1\" data-gcn-i18n-constructname=\"Aloha Link\" data-gentics-gcn-url=\"mailto:info@bildungszuschuss.at\" data-gentics-gcn-anchor=\"\">info@bildungszuschuss.at<\/a><\/p>\n<h2 id=\"heading_Welche_Unterlagen_benoetige_ich_und_wohin_muss_ich_den_Antrag_senden_\">Welche Unterlagen ben\u00f6tige ich und wohin muss ich den Antrag senden?<\/h2>\n<p>Das vollst\u00e4ndig ausgef\u00fcllte Antragsformular samt den Unterlagen, die auf der letzten Seite des jeweiligen Antrags angef\u00fchrt sind, senden Sie bitte per Post an:<\/p>\n<p>Arbeiterkammer Vorarlberg<br \/>\nBildungszuschuss<br \/>\nWidnau 4<br \/>\n6800 Feldkirch<\/p>\n<p>oder per Mail an:<a href=\"mailto:info@bildungszuschuss.at\"> info@bildungszuschuss.at<\/a><\/p>\n<p>Achten Sie bitte darauf, den Antrag komplett auszuf\u00fcllen und alle Best\u00e4tigungen und Beilagen mitzusenden. So k\u00f6nnen wir Ihren Antrag schneller behandeln.<\/p>\n<h2 id=\"heading_Besteht_die_Moeglichkeit_einer_Beratung_\">Besteht die M\u00f6glichkeit einer Beratung?<\/h2>\n<p>Nat\u00fcrlich k\u00f6nnen Sie sich telefonisch unter der Nummer\u00a0050 258 4200\u00a0\u00fcber den Bildungszuschuss informieren bzw. beraten lassen. Wir sind f\u00fcr Sie da von Montag bis Freitag von 8 bis 12 Uhr und Montag bis Donnerstag von 13 bis 16 Uhr. Wir k\u00f6nnen auch gerne einen pers\u00f6nlichen Termin vereinbaren.<\/p>\n<h2 id=\"heading_Wann_wird_die_Foerderung_ausbezahlt_\">Wann wird die F\u00f6rderung ausbezahlt?<\/h2>\n<p>Die F\u00f6rderung wird immer erst nach erfolgreichem Abschluss der Weiterbildungsma\u00dfnahme ausbezahlt.<\/p>\n<p>Davon ausgenommen ist der F\u00f6rderbereich \u201eBildungskonto\u201c und \u201eWohnzuschuss Lehrlinge\u201c:<br \/>\nHier wird die F\u00f6rderung bereits nach der Genehmigung \u00fcberwiesen.<\/p>\n<p>Wird die Schule\/Weiterbildung\/Lehre jedoch vorzeitig abgebrochen, ist dies der Arbeiterkammer, Abteilung F\u00f6rderwesen, umgehend zu melden. Die anteilige F\u00f6rderung m\u00fcssen Sie dann zur\u00fcckzahlen.<\/p>\n<h2 id=\"heading_Wer_unterstuetzt_den_Bildungszuschuss__3\">Wer unterst\u00fctzt den Bildungszuschuss?<\/h2>\n<p>Die Initiative wurde gemeinsam mit den Sozialpartnern entwickelt. Tr\u00e4ger der Bildungsf\u00f6rderung sind neben dem Land Vorarlberg die Arbeiterkammer Vorarlberg, die Wirtschaftskammer Vorarlberg sowie das AMS Vorarlberg.<\/p>\n<\/div>\n<\/div><\/div><\/div><div id=\"pgc-gb15-69e1c7bec5b63-0-1\"  class=\"panel-grid-cell\" ><div id=\"panel-gb15-69e1c7bec5b63-0-1-0\" class=\"so-panel widget widget_sow-editor panel-first-child panel-last-child\" data-index=\"1\" ><div class=\"panel-widget-style panel-widget-style-for-gb15-69e1c7bec5b63-0-1-0\" ><div\n\t\t\t\n\t\t\tclass=\"so-widget-sow-editor so-widget-sow-editor-base\"\n\t\t\t\n\t\t><h3 class=\"widget-title\">Kontakt<\/h3>\n<div class=\"siteorigin-widget-tinymce textwidget\">\n\t<p><strong>\u00a0<\/strong><strong>per Mail<\/strong><br \/>\n<a href=\"mailto:info@bildungszuschuss.at?subject=%20Fragen%2C%20W%C3%BCnsche%2C%20Anregungen%20...\">info@bildungszuschuss.at<\/a><\/p>\n<p><strong>per Telefon<\/strong><br \/>\nMontag bis Freitag von 8 bis 12 Uhr und<br \/>\nMontag bis Donnerstag von 13 bis 16 Uhr<\/p>\n<p>Telefon\u00a0<a href=\"http:\/\/tel:+43502584200\/\">+43 (0) 50 258 4200<\/a><\/p>\n<p><strong>per Post<\/strong><br \/>\nArbeiterkammer Vorarlberg<br \/>\nBildungszuschuss<br \/>\nWidnau 4<br \/>\n6800 Feldkirch<\/p>\n<\/div>\n<\/div><\/div><\/div><\/div><\/div><div id=\"pg-gb15-69e1c7bec5b63-1\"  class=\"panel-grid panel-no-style\" ><div id=\"pgc-gb15-69e1c7bec5b63-1-0\"  class=\"panel-grid-cell\" ><div id=\"panel-gb15-69e1c7bec5b63-1-0-0\" class=\"so-panel widget widget_sow-image panel-first-child panel-last-child\" data-index=\"2\" ><div\n\t\t\t\n\t\t\tclass=\"so-widget-sow-image so-widget-sow-image-default-8b5b6f678277-15\"\n\t\t\t\n\t\t>\n<div class=\"sow-image-container\">\n\t\t<img \n\tsrc=\"https:\/\/www.bildungszuschuss.at\/wp-content\/uploads\/Partnerlogos_transparents.png\" width=\"800\" height=\"114\" srcset=\"https:\/\/www.bildungszuschuss.at\/wp-content\/uploads\/Partnerlogos_transparents.png 800w, https:\/\/www.bildungszuschuss.at\/wp-content\/uploads\/Partnerlogos_transparents-300x43.png 300w, https:\/\/www.bildungszuschuss.at\/wp-content\/uploads\/Partnerlogos_transparents-768x109.png 768w, https:\/\/www.bildungszuschuss.at\/wp-content\/uploads\/Partnerlogos_transparents-150x21.png 150w\" sizes=\"(max-width: 800px) 100vw, 800px\" alt=\"Logos Land Vorarlberg, Wirtschaftskammer Vorarlberg, AMS und Arbeiterkammer Vorarlberg,\" \t\tclass=\"so-widget-image\"\/>\n\t<\/div>\n\n<\/div><\/div><\/div><\/div><\/div>","protected":false},"excerpt":{"rendered":"<p>Die h\u00e4ufigsten Fragen und Antworten haben wir hier gesammelt. Weitere Fragen beantworten gerne unsere Mitarbeiterinnen, telefonisch unter +43 (0) 50 258 4200 oder per E-Mail an info@bildungszuschuss.at Wo bekomme ich das Antragsformular? Antr\u00e4ge f\u00fcr den Bildungszuschuss k\u00f6nnen Sie entweder selbst herunterladen oder telefonisch unter 050 258 4200 anfordern. Wir senden&#8230;<\/p>\n<p> <a class=\"continue-reading-link\" href=\"https:\/\/www.bildungszuschuss.at\/?page_id=15\"><span>Weiterlesen<\/span><i class=\"crycon-right-dir\"><\/i><\/a> <\/p>\n","protected":false},"author":1,"featured_media":0,"parent":0,"menu_order":0,"comment_status":"closed","ping_status":"closed","template":"","meta":{"footnotes":""},"class_list":["post-15","page","type-page","status-publish","hentry"],"_links":{"self":[{"href":"https:\/\/www.bildungszuschuss.at\/index.php?rest_route=\/wp\/v2\/pages\/15","targetHints":{"allow":["GET"]}}],"collection":[{"href":"https:\/\/www.bildungszuschuss.at\/index.php?rest_route=\/wp\/v2\/pages"}],"about":[{"href":"https:\/\/www.bildungszuschuss.at\/index.php?rest_route=\/wp\/v2\/types\/page"}],"author":[{"embeddable":true,"href":"https:\/\/www.bildungszuschuss.at\/index.php?rest_route=\/wp\/v2\/users\/1"}],"replies":[{"embeddable":true,"href":"https:\/\/www.bildungszuschuss.at\/index.php?rest_route=%2Fwp%2Fv2%2Fcomments&post=15"}],"version-history":[{"count":14,"href":"https:\/\/www.bildungszuschuss.at\/index.php?rest_route=\/wp\/v2\/pages\/15\/revisions"}],"predecessor-version":[{"id":665,"href":"https:\/\/www.bildungszuschuss.at\/index.php?rest_route=\/wp\/v2\/pages\/15\/revisions\/665"}],"wp:attachment":[{"href":"https:\/\/www.bildungszuschuss.at\/index.php?rest_route=%2Fwp%2Fv2%2Fmedia&parent=15"}],"curies":[{"name":"wp","href":"https:\/\/api.w.org\/{rel}","templated":true}]}}